{"id":23815758,"date":"2023-06-23T20:46:26","date_gmt":"2023-06-23T18:46:26","guid":{"rendered":"https:\/\/originalslicers.com\/berkel-slicers\/"},"modified":"2023-11-08T13:55:48","modified_gmt":"2023-11-08T12:55:48","slug":"berkel-aufschnittmaschine","status":"publish","type":"page","link":"https:\/\/originalslicers.com\/de\/berkel-aufschnittmaschine\/","title":{"rendered":"BERKEL AUFSCHNITTMASCHINE"},"content":{"rendered":"<p>[et_pb_section fb_built=&#8220;1&#8243; _builder_version=&#8220;4.21.0&#8243; _module_preset=&#8220;default&#8220; global_colors_info=&#8220;{}&#8220;][et_pb_row _builder_version=&#8220;4.21.0&#8243; _module_preset=&#8220;default&#8220; global_colors_info=&#8220;{}&#8220;][et_pb_column type=&#8220;4_4&#8243; _builder_version=&#8220;4.21.0&#8243; _module_preset=&#8220;default&#8220; global_colors_info=&#8220;{}&#8220;][et_pb_text _builder_version=&#8220;4.22.2&#8243; _module_preset=&#8220;default&#8220; header_text_color=&#8220;gcid-e4d23fc7-a1f5-4539-8fb2-b685620a65d2&#8243; hover_enabled=&#8220;0&#8243; global_colors_info=&#8220;{%22gcid-e4d23fc7-a1f5-4539-8fb2-b685620a65d2%22:%91%22header_text_color%22%93}&#8220; sticky_enabled=&#8220;0&#8243;]<\/p>\n<div class=\"custom-heading\">\n<h1>ORIGINAL RESTAURIERTE BERKEL<\/h1>\n<\/div>\n<div class=\"berkel-slicers\">\n<div class=\"show-on-dektop\">\n<p>Original Slicers bietet einen vollst\u00e4ndigen Katalog authentischer Berkel-Fleischschneider aus verschiedenen Produktionsperioden und Standorten, alle vollst\u00e4ndig restauriert und perfekt funktionsf\u00e4hig. Je nach Ihren Anforderungen an \u00c4sthetik, Gr\u00f6\u00dfe, Kontext und Art der Nutzung finden Sie m\u00f6glicherweise unterschiedliche Optionen. Folgen Sie diesem Link, um das zu entdecken<span> <\/span><strong><a href=\"https:\/\/www.originalslicers.com\/6-key-features-to-choose-the-ideal-restored-berkel-slicer\/\">6 Aspekte, die bei der Auswahl eines Berkel-Fleischschneiders ber\u00fccksichtigt werden sollten.<\/a><\/strong><\/p>\n<div class=\"more\">\n<p>Die traditionell verwendeten Farben f\u00fcr Berkel-Aufschnittmaschinen sind Rot, Schwarz und Creme. Originalschneider k\u00f6nnen die Farbe an jeden Wunsch anpassen, beispielsweise um sie an ein bestimmtes Innenarchitekturprojekt anzupassen.<br \/>Der historische Charakter des Berkel-Hobels stellt ein geschmackvolles Designelement in jeder Umgebung dar, egal ob modern oder klassisch, ein Privathaus oder ein \u00f6ffentlicher Veranstaltungsort. Genie\u00dfen Sie die starke Ausstrahlung, die Berkel-Fleischschneider auszeichnet, die Inspiration wecken und f\u00fcr Qualit\u00e4t sorgen.<\/p>\n<\/div>\n<\/div>\n<\/div>\n<p>[\/et_pb_text][et_pb_filterable_portfolio fullwidth=&#8220;off&#8220; module_class=&#8220;pa-portfolio-image-1-1&#8243; _builder_version=&#8220;4.22.1&#8243; _module_preset=&#8220;default&#8220; global_colors_info=&#8220;{}&#8220;][\/et_pb_filterable_portfolio][\/et_pb_column][\/et_pb_row][\/et_pb_section]<\/p>\n","protected":false},"excerpt":{"rendered":"<p>ORIGINAL RESTAURIERTE BERKEL Original Slicers bietet einen vollst\u00e4ndigen Katalog authentischer Berkel-Fleischschneider aus verschiedenen Produktionsperioden und Standorten, alle vollst\u00e4ndig restauriert und perfekt funktionsf\u00e4hig. Je nach Ihren Anforderungen an \u00c4sthetik, Gr\u00f6\u00dfe, Kontext und Art der Nutzung finden Sie m\u00f6glicherweise unterschiedliche Optionen. Folgen Sie diesem Link, um das zu entdecken 6 Aspekte, die bei der Auswahl eines Berkel-Fleischschneiders [&hellip;]<\/p>\n","protected":false},"author":1,"featured_media":0,"parent":0,"menu_order":0,"comment_status":"closed","ping_status":"closed","template":"","meta":{"_et_pb_use_builder":"on","_et_pb_old_content":"","_et_gb_content_width":"","footnotes":""},"class_list":["post-23815758","page","type-page","status-publish","hentry"],"yoast_head":"<!-- This site is optimized with the Yoast SEO plugin v27.4 - https:\/\/yoast.com\/product\/yoast-seo-wordpress\/ -->\n<title>ORIGINAL RESTAURIERTE BERKEL | Original Slicers<\/title>\n<meta name=\"description\" content=\"Original Slicers bietet einen vollst\u00e4ndigen Katalog authentischer Berkel-Fleischschneider aus verschiedenen Produktionsperioden und Standorten, alle vollst\u00e4ndig restauriert und perfekt funktionsf\u00e4hig.\" \/>\n<meta name=\"robots\" content=\"index, follow, max-snippet:-1, max-image-preview:large, max-video-preview:-1\" \/>\n<link rel=\"canonical\" href=\"https:\/\/originalslicers.com\/models\/\" \/>\n<meta property=\"og:locale\" content=\"de_DE\" \/>\n<meta property=\"og:type\" content=\"article\" \/>\n<meta property=\"og:title\" content=\"ORIGINAL RESTAURIERTE BERKEL | Original Slicers\" \/>\n<meta property=\"og:description\" content=\"Original Slicers bietet einen vollst\u00e4ndigen Katalog authentischer Berkel-Fleischschneider aus verschiedenen Produktionsperioden und Standorten, alle vollst\u00e4ndig restauriert und perfekt funktionsf\u00e4hig.\" \/>\n<meta property=\"og:url\" content=\"https:\/\/originalslicers.com\/models\/\" \/>\n<meta property=\"og:site_name\" content=\"Original Slicers\" \/>\n<meta property=\"article:modified_time\" content=\"2023-11-08T12:55:48+00:00\" \/>\n<meta name=\"twitter:card\" content=\"summary_large_image\" \/>\n<meta name=\"twitter:label1\" content=\"Gesch\u00e4tzte Lesezeit\" \/>\n\t<meta name=\"twitter:data1\" content=\"1\u00a0Minute\" \/>\n<script type=\"application\/ld+json\" class=\"yoast-schema-graph\">{\"@context\":\"https:\\\/\\\/schema.org\",\"@graph\":[{\"@type\":\"WebPage\",\"@id\":\"https:\\\/\\\/originalslicers.com\\\/models\\\/\",\"url\":\"https:\\\/\\\/originalslicers.com\\\/models\\\/\",\"name\":\"ORIGINAL RESTAURIERTE BERKEL | Original Slicers\",\"isPartOf\":{\"@id\":\"https:\\\/\\\/originalslicers.com\\\/#website\"},\"datePublished\":\"2023-06-23T18:46:26+00:00\",\"dateModified\":\"2023-11-08T12:55:48+00:00\",\"description\":\"Original Slicers bietet einen vollst\u00e4ndigen Katalog authentischer Berkel-Fleischschneider aus verschiedenen Produktionsperioden und Standorten, alle vollst\u00e4ndig restauriert und perfekt funktionsf\u00e4hig.\",\"breadcrumb\":{\"@id\":\"https:\\\/\\\/originalslicers.com\\\/models\\\/#breadcrumb\"},\"inLanguage\":\"de\",\"potentialAction\":[{\"@type\":\"ReadAction\",\"target\":[\"https:\\\/\\\/originalslicers.com\\\/models\\\/\"]}]},{\"@type\":\"BreadcrumbList\",\"@id\":\"https:\\\/\\\/originalslicers.com\\\/models\\\/#breadcrumb\",\"itemListElement\":[{\"@type\":\"ListItem\",\"position\":1,\"name\":\"Home\",\"item\":\"https:\\\/\\\/originalslicers.com\\\/de\\\/\"},{\"@type\":\"ListItem\",\"position\":2,\"name\":\"BERKEL AUFSCHNITTMASCHINE\"}]},{\"@type\":\"WebSite\",\"@id\":\"https:\\\/\\\/originalslicers.com\\\/#website\",\"url\":\"https:\\\/\\\/originalslicers.com\\\/\",\"name\":\"Original Slicers\",\"description\":\"\",\"publisher\":{\"@id\":\"https:\\\/\\\/originalslicers.com\\\/#organization\"},\"potentialAction\":[{\"@type\":\"SearchAction\",\"target\":{\"@type\":\"EntryPoint\",\"urlTemplate\":\"https:\\\/\\\/originalslicers.com\\\/?s={search_term_string}\"},\"query-input\":{\"@type\":\"PropertyValueSpecification\",\"valueRequired\":true,\"valueName\":\"search_term_string\"}}],\"inLanguage\":\"de\"},{\"@type\":\"Organization\",\"@id\":\"https:\\\/\\\/originalslicers.com\\\/#organization\",\"name\":\"Original Slicers\",\"url\":\"https:\\\/\\\/originalslicers.com\\\/\",\"logo\":{\"@type\":\"ImageObject\",\"inLanguage\":\"de\",\"@id\":\"https:\\\/\\\/originalslicers.com\\\/#\\\/schema\\\/logo\\\/image\\\/\",\"url\":\"https:\\\/\\\/originalslicers.com\\\/wp-content\\\/uploads\\\/2021\\\/02\\\/about-logo.png\",\"contentUrl\":\"https:\\\/\\\/originalslicers.com\\\/wp-content\\\/uploads\\\/2021\\\/02\\\/about-logo.png\",\"width\":457,\"height\":386,\"caption\":\"Original Slicers\"},\"image\":{\"@id\":\"https:\\\/\\\/originalslicers.com\\\/#\\\/schema\\\/logo\\\/image\\\/\"}}]}<\/script>\n<!-- \/ Yoast SEO plugin. -->","yoast_head_json":{"title":"ORIGINAL RESTAURIERTE BERKEL | Original Slicers","description":"Original Slicers bietet einen vollst\u00e4ndigen Katalog authentischer Berkel-Fleischschneider aus verschiedenen Produktionsperioden und Standorten, alle vollst\u00e4ndig restauriert und perfekt funktionsf\u00e4hig.","robots":{"index":"index","follow":"follow","max-snippet":"max-snippet:-1","max-image-preview":"max-image-preview:large","max-video-preview":"max-video-preview:-1"},"canonical":"https:\/\/originalslicers.com\/models\/","og_locale":"de_DE","og_type":"article","og_title":"ORIGINAL RESTAURIERTE BERKEL | Original Slicers","og_description":"Original Slicers bietet einen vollst\u00e4ndigen Katalog authentischer Berkel-Fleischschneider aus verschiedenen Produktionsperioden und Standorten, alle vollst\u00e4ndig restauriert und perfekt funktionsf\u00e4hig.","og_url":"https:\/\/originalslicers.com\/models\/","og_site_name":"Original Slicers","article_modified_time":"2023-11-08T12:55:48+00:00","twitter_card":"summary_large_image","twitter_misc":{"Gesch\u00e4tzte Lesezeit":"1\u00a0Minute"},"schema":{"@context":"https:\/\/schema.org","@graph":[{"@type":"WebPage","@id":"https:\/\/originalslicers.com\/models\/","url":"https:\/\/originalslicers.com\/models\/","name":"ORIGINAL RESTAURIERTE BERKEL | Original Slicers","isPartOf":{"@id":"https:\/\/originalslicers.com\/#website"},"datePublished":"2023-06-23T18:46:26+00:00","dateModified":"2023-11-08T12:55:48+00:00","description":"Original Slicers bietet einen vollst\u00e4ndigen Katalog authentischer Berkel-Fleischschneider aus verschiedenen Produktionsperioden und Standorten, alle vollst\u00e4ndig restauriert und perfekt funktionsf\u00e4hig.","breadcrumb":{"@id":"https:\/\/originalslicers.com\/models\/#breadcrumb"},"inLanguage":"de","potentialAction":[{"@type":"ReadAction","target":["https:\/\/originalslicers.com\/models\/"]}]},{"@type":"BreadcrumbList","@id":"https:\/\/originalslicers.com\/models\/#breadcrumb","itemListElement":[{"@type":"ListItem","position":1,"name":"Home","item":"https:\/\/originalslicers.com\/de\/"},{"@type":"ListItem","position":2,"name":"BERKEL AUFSCHNITTMASCHINE"}]},{"@type":"WebSite","@id":"https:\/\/originalslicers.com\/#website","url":"https:\/\/originalslicers.com\/","name":"Original Slicers","description":"","publisher":{"@id":"https:\/\/originalslicers.com\/#organization"},"potentialAction":[{"@type":"SearchAction","target":{"@type":"EntryPoint","urlTemplate":"https:\/\/originalslicers.com\/?s={search_term_string}"},"query-input":{"@type":"PropertyValueSpecification","valueRequired":true,"valueName":"search_term_string"}}],"inLanguage":"de"},{"@type":"Organization","@id":"https:\/\/originalslicers.com\/#organization","name":"Original Slicers","url":"https:\/\/originalslicers.com\/","logo":{"@type":"ImageObject","inLanguage":"de","@id":"https:\/\/originalslicers.com\/#\/schema\/logo\/image\/","url":"https:\/\/originalslicers.com\/wp-content\/uploads\/2021\/02\/about-logo.png","contentUrl":"https:\/\/originalslicers.com\/wp-content\/uploads\/2021\/02\/about-logo.png","width":457,"height":386,"caption":"Original Slicers"},"image":{"@id":"https:\/\/originalslicers.com\/#\/schema\/logo\/image\/"}}]}},"_links":{"self":[{"href":"https:\/\/originalslicers.com\/de\/wp-json\/wp\/v2\/pages\/23815758","targetHints":{"allow":["GET"]}}],"collection":[{"href":"https:\/\/originalslicers.com\/de\/wp-json\/wp\/v2\/pages"}],"about":[{"href":"https:\/\/originalslicers.com\/de\/wp-json\/wp\/v2\/types\/page"}],"author":[{"embeddable":true,"href":"https:\/\/originalslicers.com\/de\/wp-json\/wp\/v2\/users\/1"}],"replies":[{"embeddable":true,"href":"https:\/\/originalslicers.com\/de\/wp-json\/wp\/v2\/comments?post=23815758"}],"version-history":[{"count":12,"href":"https:\/\/originalslicers.com\/de\/wp-json\/wp\/v2\/pages\/23815758\/revisions"}],"predecessor-version":[{"id":23816317,"href":"https:\/\/originalslicers.com\/de\/wp-json\/wp\/v2\/pages\/23815758\/revisions\/23816317"}],"wp:attachment":[{"href":"https:\/\/originalslicers.com\/de\/wp-json\/wp\/v2\/media?parent=23815758"}],"curies":[{"name":"wp","href":"https:\/\/api.w.org\/{rel}","templated":true}]}}